{"id":913,"date":"2022-08-16T13:49:53","date_gmt":"2022-08-16T11:49:53","guid":{"rendered":"https:\/\/www.renault-gellermann.take-it.org\/?page_id=913"},"modified":"2022-08-22T17:05:07","modified_gmt":"2022-08-22T15:05:07","slug":"%e2%a0%80","status":"publish","type":"page","link":"https:\/\/ahd-gellermann.de\/?page_id=913","title":{"rendered":"Datenschutz"},"content":{"rendered":"\n<h2 class=\"wp-block-heading\"><strong>Datenschutzerkl\u00e4rung<\/strong><\/h2>\n\n\n\n<p><strong>1. Allgemeine Hinweise zu unserem Umgang mit personenbezogenen Daten<\/strong><br>Renault ist die Sicherheit, aber auch die Transparenz im Umgang mit Ihren personenbezogenen Daten auf der Homepage wichtig. Deshalb entwickeln wir zum einen laufend neue organisatorische und technische Ma\u00dfnahmen, damit wir Ihre Daten gegen den Zugriff Unberechtigter sch\u00fctzen k\u00f6nnen, aber auch gegen vors\u00e4tzliche sowie zuf\u00e4llige Manipulationen, gegen Zerst\u00f6rung, Ver\u00e4nderung oder Verlust. \u00dcber diese Sicherheitsvorkehrungen m\u00f6chten wir Sie nachfolgend informieren. Des Weiteren m\u00f6chten wir Sie in dieser Erkl\u00e4rung \u00fcber die Art sowie den Umfang und den Zweck der Verarbeitung durch uns und Renault aufkl\u00e4ren. Sie erhalten au\u00dferdem eine Aufkl\u00e4rung \u00fcber Ihre Rechte. Bitte nehmen Sie sich daher die Zeit, diese Bedingungen genau durchzulesen.<\/p>\n\n\n\n<p>Wir sind die \u201eVerantwortliche Stelle\u201c i.S. des Datenschutzrechts. Bei Fragen zu dem Umgang mit Ihren Daten erreichen Sie unseren Datenschutzbeauftragten unter&nbsp;i.suetterlin@ahd-gellermann.de.<\/p>\n\n\n\n<p><strong>2. Was sind personenbezogene Daten und welche Daten werden \u00fcberhaupt gespeichert?<\/strong><br><strong>a) Personenbezogene Daten und ihre Empf\u00e4nger<\/strong><br>Personenbezogenen Daten sind solche Informationen, \u00fcber die eine nat\u00fcrliche Person Personenbezogenen Daten sind solche Informationen, \u00fcber die eine nat\u00fcrliche Person identifizierbar wird. Das sind neben \u201etypischen\u201c Identifikationsdaten wie Name, Adresse oder Kontaktm\u00f6glichkeiten auch technische Daten, die einer Person zugeordnet werden k\u00f6nnen, wie etwa eine IP-Adresse. Diese Daten werden bei einem Besuch unserer Webseite teilweise automatisiert erhoben, teilweise handelt es sich um Daten, die wir in unseren Kontaktformularen abfragen. Grunds\u00e4tzlich sind alle Angaben freiwillig, es sei denn, wir ben\u00f6tigen die Daten zwingend f\u00fcr die Durchf\u00fchrung eines Vertrags oder die Bereitstellung der Funktionen dieser Webseite.<\/p>\n\n\n\n<p>F\u00fcr alle Daten gilt: Beim Besuch unserer Websites erheben und \u00fcbermitteln wir Ihre pers\u00f6nlichen Daten nur in dem Umfang, den die gesetzlichen Bestimmungen, namentlich die Datenschutzgrundverordnung (DSGVO) und die jeweiligen nationalen Datenschutzregelungen zulassen. Die Daten erhalten nur die Empf\u00e4nger, die Ihr Anliegen bearbeiten. An Dritte werden Ihre Daten weitergegeben, soweit Sie sich einverstanden erkl\u00e4rt haben oder wenn wir Dritte beauftragt haben, f\u00fcr uns Daten zu verarbeiten. An staatliche Stellen oder Beh\u00f6rden werden Daten nur \u00fcbermittelt, wenn wir hierzu zwingend gesetzlich verpflichtet sind. Beachten Sie bitte, dass sich unser Schutz nicht auf die Websites anderer Anbieter erstreckt, die Sie \u00fcber Links von unseren Websites erreichen k\u00f6nnen.<\/p>\n\n\n\n<p><strong>b) Daten, die wir automatisiert erheben<\/strong><br>Beim Besuch unserer Websites registrieren wir automatisch das Datum, die Uhrzeit und die Dauer Ihres Besuches, au\u00dferdem den Namen Ihres Internet Service Providers und die Website, von der Sie zu uns gelangen. Ferner erhalten wir automatisiert Informationen \u00fcber die \u00fcbertragene Datenmenge, Ihren Browser und das Betriebssystem sowie das von Ihnen verwendete Endger\u00e4t. Diese Daten ergeben wir zu dem Zweck, unsere Webseite zu administrieren, unautorisierte Zugriffe zu erkennen und abzuwehren und zur Erh\u00f6hung der Bedienerfreundlichkeit. Rechtsgrundlage ist daher unser berechtigtes Interesse an der Benutzerfreundlichkeit unserer Webseite.<br>Rechtsgrundlage ist daher unser berechtigtes Interesse an der Benutzerfreundlichkeit unserer Webseite. Die automatisiert erhobenen Daten werden bereits bei Erhebung anonymisiert.<\/p>\n\n\n\n<p><strong>c) Daten, die wir von Ihnen aufgrund Ihrer Anfragen erhalten<\/strong><br>Wir speichern personenbezogene Daten, wenn Sie uns diese ausdr\u00fccklich zur Verf\u00fcgung stellen, d.h. zur Vertragsabwicklung und Bearbeitung Ihrer Anfragen wie z.B. Probefahrtanfragen, Angebotsanfragen, Kontaktanfragen etc. In diesem Fall haben wir neben dem berechtigten Interesse an der Bearbeitung Ihrer Anfrage regelm\u00e4\u00dfig auch Ihre Einwilligung zur Datenverarbeitung bzw. ben\u00f6tigen sie zur Vertragsdurchf\u00fchrung.<\/p>\n\n\n\n<p>Diese Daten werden mit Vertragsbeendigung gel\u00f6scht, wenn keine wechselseitgien Anspr\u00fcche mehr bestehen (das ist regelm\u00e4\u00dfig nach drei Jahren der Fall, wobei die maximale gesetzliche Verj\u00e4hrungsfrist 30 Jahre betr\u00e4gt) und auch gesetzliche Aufbewahrungsfristen abgelaufen sind (typischerweise nach 10 Jahren). Bei Kontaktanfragen l\u00f6schen wir Ihre Daten, wenn sich Ihr Anliegen abschlie\u00dfend erledigt hat.<\/p>\n\n\n\n<p><strong>d) Daten, die Sie uns f\u00fcr weitere Kommunikationsma\u00dfnahmen geben.<\/strong><br>Wenn Sie unseren Newsletter beziehen m\u00f6chten oder von uns regelm\u00e4\u00dfig \u00fcber unsere Angebote und Sonderaktionen informiert werden wollen, bitten wir Sie um eine Einwilligungserkl\u00e4rung. Ihre Einwilligung berechtigt uns zur Datenverarbeitung, bis Sie diese widerrufen. Die Daten werden ausschlie\u00dflich auf Servern in der Europ\u00e4ischen Union gespeichert. Dies geschieht in \u00dcbereinstimmung mit den geltenden rechtlichen Vorschriften zum Schutz pers\u00f6nlicher Daten. Sind Ihre personenbezogenen Daten bereits bei der Renault Deutschland AG gespeichert, so werden diese in eine gemeinsame, deutschlandweite Kundendatenbank \u00fcberf\u00fchrt. Bei jeder Kontaktaufnahme \u00fcber uns werden Ihre Daten in der gemeinsamen Datenbank aktualisiert.<\/p>\n\n\n\n<p><strong>3.&nbsp; Ihre Rechte<br><\/strong>Sie k\u00f6nnen unter der E-Mail Adresse&nbsp;<a href=\"mailto:i.suetterlin@ahd-gellermann.de\">i.suetterlin@ahd-gellermann.de<\/a>&nbsp;jederzeit Auskunft \u00fcber Ihre gespeicherten personenbezogenen Daten erhalten. In Bezug auf die oben genannten Zwecke haben Sie das Recht, Auskunft \u00fcber Ihre gespeicherten personenbezogenen Daten zu erhalten und k\u00f6nnen jederzeit deren Berichtigung, L\u00f6schung oder Sperrung verlangen. Sie haben auch das Recht, jederzeit&nbsp;<strong>Widerspruch<\/strong>&nbsp;gegen die Verarbeitung Ihrer Daten zum Zwecke der Direktwerbung einzulegen oder Einschr\u00e4nkungen bei der Verarbeitung zu verlangen. Hierzu k\u00f6nnen Sie sich an uns unter den o.g. Kontaktdaten wenden. W\u00fcnschen Sie keine Kontaktaufnahme zur Durchf\u00fchrung von Kundenbefragungen und Marktforschungsstudien (z.B. NCBS, IACS) durch die Renault Deutschland AG und die Renault s.a.s., k\u00f6nnen Sie Ihren Widerspruch jeweils an die Unternehmen richten. F\u00fcr die Renault Deutschland AG \u00fcber die E-Mail Adresse:&nbsp;<a href=\"mailto:datenschutzbeauftragter.deutschland@renault.de\">datenschutzbeauftragter.deutschland@renault.de<\/a>; f\u00fcr die Renault s.a.s. \u00fcber die E-Mail Adresse:&nbsp;<a href=\"mailto:dpo@renault.com\">dpo@renault.com<\/a>. Der Widerruf hat keine Auswirkungen auf die Rechtm\u00e4\u00dfigkeit der bisherigen Datenverarbeitung und erstreckt sich nicht auf solche Datenverarbeitungen, f\u00fcr die ein gesetzlicher Erlaubnisgrund vorliegt und die daher auch ohne Einwilligung verarbeitet werden d\u00fcrfen.<\/p>\n\n\n\n<p>Ihnen steht unter den jeweiligen gesetzlichen Voraussetzungen das Recht auf Daten\u00fcbertragbarkeit zu, um Ihre personenbezogenen Daten in einem strukturierten, g\u00e4ngigen und maschinenlesbaren Format zu erhalten.<\/p>\n\n\n\n<p>Sie haben auch das Recht, sich bei der zust\u00e4ndigen Aufsichtsbeh\u00f6rde zu beschweren, wenn Sie der Ansicht sind, dass die Verarbeitung Ihrer personenbezogenen Daten nicht rechtm\u00e4\u00dfig erfolgt.<\/p>\n\n\n\n<p><strong>4. Wie lange bewahren wir Ihre personenbezogenen Daten auf?<\/strong><br>Wir und die o.g. Unternehmen speichern Ihre personenbezogenen Daten nur solange, wie dies f\u00fcr die o.g. Zwecke erforderlich ist. F\u00fcr jeden der oben angegebenen Zwecke sind in der folgenden Tabelle die maximalen Speicherfristen f\u00fcr Ihre personenbezogenen Daten angegeben. Nach den unten genannten Zeitr\u00e4umen werden wir Ihre personenbezogenen Daten nicht mehr f\u00fcr diese Zwecke nutzen.<\/p>\n\n\n\n<figure class=\"wp-block-table\"><table><tbody><tr><td><strong>Zweck<\/strong><\/td><td><strong>Aufbewahrung der Daten<\/strong><\/td><\/tr><tr><td>Abwicklung der zugrundeliegenden Vertragsverh\u00e4ltnisse, Durchf\u00fchrung vorvertraglicher Ma\u00dfnahmen, Durchsetzung\/Abwehr zivilrechtlicher Anspr\u00fcche<\/td><td>bis zum Ablauf des Jahres, das dem Eintritt der Verj\u00e4hrung s\u00e4mtlicher wechselseitiger Anspr\u00fcche folgt.<\/td><\/tr><tr><td>Direktwerbung<\/td><td>Maximal 5 Jahre ab Ihrer Einwilligungserkl\u00e4rung oder ab der erneuten Einwilligung, wenn Sie eine vertragliche Beziehung mit uns eingegangen sind bzw. maximal 3 Jahre ab Ihrer Einwilligungserkl\u00e4rung oder ab der erneuten Einwilligung, wenn Sie keine vertragliche Beziehung mit uns eingegangen sind.<\/td><\/tr><tr><td>Wahrung unserer berechtigten Interessen<\/td><td>Maximal 5 Jahre bis wenn Sie eine vertragliche Beziehung mit uns eingegangen sind bzw. maximal 3 Jahre, wenn Sie keine vertragliche Beziehung mit uns eingegangen sind.<\/td><\/tr><tr><td>Erf\u00fcllung einer rechtlichen Verpflichtung<\/td><td>Solange wie die Speicherung gesetzlich notwendig ist, z.B. nach dem Handelsgesetzbuch oder der Abgabenordnung). Dar\u00fcber hinaus bewahren wir personenbezogene Daten auf, wenn dies im Zusammenhang mit Anspr\u00fcchen erforderlich ist, die gegen uns geltend gemacht werden (maximale gesetzliche Verj\u00e4hrungsfrist 30 Jahre), wobei die regelm\u00e4\u00dfige Verj\u00e4hrungsfrist drei Jahre betr\u00e4gt.<\/td><\/tr><\/tbody><\/table><\/figure>\n\n\n\n<p><strong>5. Unsere Sicherheitsma\u00dfnahmen<\/strong><br><strong>SSL- bzw. TLS-Verschl\u00fcsselung<\/strong><br>Diese Seite nutzt aus Sicherheitsgr\u00fcnden und zum Schutz der \u00dcbertragung vertraulicher Inhalte, wie zum Beispiel Bestellungen oder Anfragen, die Sie an uns als Seitenbetreiber senden, eine SSL-bzw. TLS-Verschl\u00fcsselung. Eine verschl\u00fcsselte Verbindung erkennen Sie daran, dass die Adresszeile des Browsers von \u201chttp:\/\/\u201d auf \u201chttps:\/\/\u201d wechselt und an dem Schloss-Symbol in Ihrer Browserzeile.<br>Wenn die SSL- bzw. TLS-Verschl\u00fcsselung aktiviert ist, k\u00f6nnen die Daten, die Sie an uns \u00fcbermitteln, nicht von Dritten mitgelesen werden.<\/p>\n\n\n\n<p><strong>6. Telefontracking<\/strong><br><strong>Umfang der Verarbeitung personenbezogener Daten<\/strong><br>Unsere Website enth\u00e4lt einen Trackingcode von matelso, einem Dienst der Firma matelso GmbH, Heilbronner Stra\u00dfe 150, 70191 Stuttgart, Deutschland (nachfolgend: matelso). matelso bindet \u2013 als Auftragnehmer \u2013 auf unserer Internetseite Telefonnummern ein, die es uns erm\u00f6glichen, weitergehende Auswertungen zum Anrufverhalten unserer Internetseitenbesucher zu erstellen. Wir behalten die volle Kontrolle \u00fcber die erhobenen Daten. Bei den Daten handelt es sich \u2013 soweit ein Anruf bei uns erfolgt \u2013 um die Telefonnummer des Anrufers (soweit \u00fcbermittelt), die angerufene Rufnummer, die Uhrzeit und die Dauer des Anrufs. Soweit es uns anhand vorliegender Kundendaten m\u00f6glich ist, verkn\u00fcpfen wir diese Daten auch mit dem dazugeh\u00f6rigen Adressdatensatz (nachfolgend: Telefontracking). Im Rahmen des Telefontrackings werden diese personenbezogenen Daten an Server von matelso \u00fcbermittelt, dort mit weiteren Website-Daten verkn\u00fcpft und gespeichert. Weiterf\u00fchrende Informationen zum Datenschutz bei der Nutzung von matelso k\u00f6nnen Sie unter&nbsp;<a href=\"https:\/\/www.matelso.de\/datenschutz\/\" target=\"_blank\" rel=\"noreferrer noopener\">https:\/\/www.matelso.de\/datenschutz\/<\/a>&nbsp;abrufen.<\/p>\n\n\n\n<p><strong>Rechtsgrundlage f\u00fcr die Verarbeitung personenbezogener Daten<\/strong><br>Rechtsgrundlage f\u00fcr die Verarbeitung personenbezogener Daten ist Art. 6 Abs. 1f) EU-DSGVO. Unser berechtigtes Interesse als Seitenbetreiber besteht darin, \u00fcber die Website generierte Anrufe unseren Marketingma\u00dfnahmen zuzuordnen und die Conversion-Rate der Marketingma\u00dfnahmen zu ermitteln.<\/p>\n\n\n\n<p><strong>Zweck der Datenverarbeitung<\/strong><br>Wir verkn\u00fcpfen die im Rahmen des Telefontrackings erhobenen personenbezogenen Daten zudem mit sonstigen Website-Analysedaten, um die Funktionalit\u00e4t und Benutzerfreundlichkeit unserer Internetseite zu \u00fcberwachen und unser Internetangebot st\u00e4ndig zu verbessern.<\/p>\n\n\n\n<p><strong>Dauer der Speicherung<\/strong><br>Wir werden die f\u00fcr die Bereitstellung des Telefontrackings relevanten Daten so lange speichern, wie es notwendig ist, um den Service des Telefontrackings bereitzustellen. Soweit die Daten gesetzlichen Aufbewahrungspflichten unterliegen, erfolgt die L\u00f6schung nach Ablauf der Aufbewahrungspflicht.<\/p>\n\n\n\n<p><strong>Widerspruchs- und Beseitigungsm\u00f6glichkeit<\/strong><br>Sie k\u00f6nnen der Erfassung und Weiterleitung der vorgenannten personenbezogenen Daten sowie die Verarbeitung dieser Daten verhindern, indem Sie Ihre Rufnummer vor einem Anruf bei uns unterdr\u00fccken oder von einer anonymen Rufnummer aus anrufen. Zudem k\u00f6nnen Sie einen JavaScript-Blocker installieren, wie z. B.&nbsp;<a href=\"https:\/\/www.noscript.net\/\" target=\"_blank\" rel=\"noreferrer noopener\">www.noscript.net<\/a>&nbsp;oder&nbsp;<a href=\"https:\/\/www.ghostery.com\/\" target=\"_blank\" rel=\"noreferrer noopener\">www.ghostery.com<\/a>, um die Erhebung sonstiger Website-Analysedaten zu verhindern. Die Widerspruchs- und Beseitigungsm\u00f6glichkeiten richten sich im \u00dcbrigen nach den nachfolgend in dieser Datenschutzerkl\u00e4rung geschilderten generellen Regelungen zum datenschutzrechtlichen Widerspruchsrecht und L\u00f6schungsanspruch.<\/p>\n","protected":false},"excerpt":{"rendered":"<p>Datenschutzerkl\u00e4rung 1. Allgemeine Hinweise zu unserem Umgang mit personenbezogenen DatenRenault ist die Sicherheit, aber auch die Transparenz im Umgang mit Ihren personenbezogenen Daten auf der Homepage<span class=\"excerpt-hellip\"> [\u2026]<\/span><\/p>\n","protected":false},"author":1,"featured_media":0,"parent":0,"menu_order":0,"comment_status":"closed","ping_status":"closed","template":"","meta":{"footnotes":""},"class_list":["post-913","page","type-page","status-publish","hentry"],"_links":{"self":[{"href":"https:\/\/ahd-gellermann.de\/index.php?rest_route=\/wp\/v2\/pages\/913","targetHints":{"allow":["GET"]}}],"collection":[{"href":"https:\/\/ahd-gellermann.de\/index.php?rest_route=\/wp\/v2\/pages"}],"about":[{"href":"https:\/\/ahd-gellermann.de\/index.php?rest_route=\/wp\/v2\/types\/page"}],"author":[{"embeddable":true,"href":"https:\/\/ahd-gellermann.de\/index.php?rest_route=\/wp\/v2\/users\/1"}],"replies":[{"embeddable":true,"href":"https:\/\/ahd-gellermann.de\/index.php?rest_route=%2Fwp%2Fv2%2Fcomments&post=913"}],"version-history":[{"count":3,"href":"https:\/\/ahd-gellermann.de\/index.php?rest_route=\/wp\/v2\/pages\/913\/revisions"}],"predecessor-version":[{"id":948,"href":"https:\/\/ahd-gellermann.de\/index.php?rest_route=\/wp\/v2\/pages\/913\/revisions\/948"}],"wp:attachment":[{"href":"https:\/\/ahd-gellermann.de\/index.php?rest_route=%2Fwp%2Fv2%2Fmedia&parent=913"}],"curies":[{"name":"wp","href":"https:\/\/api.w.org\/{rel}","templated":true}]}}